{"id":7175,"date":"2023-08-26T16:25:55","date_gmt":"2023-08-26T08:25:55","guid":{"rendered":"https:\/\/vi-home.shop\/?post_type=product&#038;p=7175"},"modified":"2024-05-16T13:34:23","modified_gmt":"2024-05-16T05:34:23","slug":"aswat-zinc-alloy-crystal-lamp-as50938-elizabeth-series","status":"publish","type":"product","link":"https:\/\/vi-home.shop\/vi\/san-pham\/aswat-zinc-alloy-crystal-lamp-as50938-elizabeth-series\/","title":{"rendered":"\u0110\u00e8n pha l\u00ea h\u1ee3p kim ASWAT\/K\u1ebdm-AS50938 Elizabeth series"},"content":{"rendered":"<p><img loading=\"lazy\" decoding=\"async\" class=\"alignnone size-full wp-image-7176\" src=\"https:\/\/oss.vi-home.shop:9000\/vi-home-images\/wp-content\/uploads\/2023\/08\/07182739\/%E4%BC%8A%E4%B8%BD%E8%8E%8E%E7%99%BDAS50938-%E4%BA%A7%E5%93%81%E7%AE%80%E8%BF%B0.jpg\" alt=\"\" width=\"1019\" height=\"244\" srcset=\"https:\/\/oss.vi-home.shop:9000\/vi-home-images\/wp-content\/uploads\/2023\/08\/07182739\/%E4%BC%8A%E4%B8%BD%E8%8E%8E%E7%99%BDAS50938-%E4%BA%A7%E5%93%81%E7%AE%80%E8%BF%B0.jpg 1019w, https:\/\/oss.vi-home.shop:9000\/vi-home-images\/wp-content\/uploads\/2023\/08\/07182739\/%E4%BC%8A%E4%B8%BD%E8%8E%8E%E7%99%BDAS50938-%E4%BA%A7%E5%93%81%E7%AE%80%E8%BF%B0-510x122.jpg 510w\" sizes=\"(max-width: 1019px) 100vw, 1019px\" \/><img loading=\"lazy\" decoding=\"async\" class=\"alignnone size-full wp-image-7664\" src=\"https:\/\/oss.vi-home.shop:9000\/vi-home-images\/wp-content\/uploads\/2023\/08\/07182641\/%E4%BC%8A%E4%B8%BD%E8%8E%8E%E7%99%BDAS50938%E8%AF%A6%E6%83%85-1-scaled.jpg\" alt=\"\" width=\"1042\" height=\"14656\" srcset=\"https:\/\/oss.vi-home.shop:9000\/vi-home-images\/wp-content\/uploads\/2023\/08\/07182641\/%E4%BC%8A%E4%B8%BD%E8%8E%8E%E7%99%BDAS50938%E8%AF%A6%E6%83%85-1-scaled.jpg 182w, https:\/\/oss.vi-home.shop:9000\/vi-home-images\/wp-content\/uploads\/2023\/08\/07182641\/%E4%BC%8A%E4%B8%BD%E8%8E%8E%E7%99%BDAS50938%E8%AF%A6%E6%83%85-1-510x7173.jpg 510w\" sizes=\"(max-width: 1042px) 100vw, 1042px\" \/><\/p>","protected":false},"excerpt":{"rendered":"","protected":false},"featured_media":7197,"comment_status":"closed","ping_status":"closed","template":"","meta":{"_acf_changed":false},"product_brand":[],"product_cat":[34,33,39],"product_tag":[],"class_list":{"0":"post-7175","1":"product","2":"type-product","3":"status-publish","4":"has-post-thumbnail","6":"product_cat-chandelier","7":"product_cat-decorative-lights","8":"product_cat-wall-lamps","9":"yith_shop_vendor-2040923613qq-com","10":"yith_product_brand-aswat","12":"first","13":"instock","14":"taxable","15":"shipping-taxable","16":"purchasable","17":"product-type-variable"},"acf":[],"_links":{"self":[{"href":"https:\/\/vi-home.shop\/vi\/wp-json\/wp\/v2\/product\/7175","targetHints":{"allow":["GET"]}}],"collection":[{"href":"https:\/\/vi-home.shop\/vi\/wp-json\/wp\/v2\/product"}],"about":[{"href":"https:\/\/vi-home.shop\/vi\/wp-json\/wp\/v2\/types\/product"}],"replies":[{"embeddable":true,"href":"https:\/\/vi-home.shop\/vi\/wp-json\/wp\/v2\/comments?post=7175"}],"wp:featuredmedia":[{"embeddable":true,"href":"https:\/\/vi-home.shop\/vi\/wp-json\/wp\/v2\/media\/7197"}],"wp:attachment":[{"href":"https:\/\/vi-home.shop\/vi\/wp-json\/wp\/v2\/media?parent=7175"}],"wp:term":[{"taxonomy":"product_brand","embeddable":true,"href":"https:\/\/vi-home.shop\/vi\/wp-json\/wp\/v2\/product_brand?post=7175"},{"taxonomy":"product_cat","embeddable":true,"href":"https:\/\/vi-home.shop\/vi\/wp-json\/wp\/v2\/product_cat?post=7175"},{"taxonomy":"product_tag","embeddable":true,"href":"https:\/\/vi-home.shop\/vi\/wp-json\/wp\/v2\/product_tag?post=7175"}],"curies":[{"name":"wp","href":"https:\/\/api.w.org\/{rel}","templated":true}]}}