{"id":8360,"date":"2023-09-02T10:24:43","date_gmt":"2023-09-02T02:24:43","guid":{"rendered":"https:\/\/vi-home.shop\/?post_type=product&#038;p=8360"},"modified":"2024-05-16T13:33:02","modified_gmt":"2024-05-16T05:33:02","slug":"huali-white-lamp-cob-track-spotlight","status":"publish","type":"product","link":"https:\/\/vi-home.shop\/vi\/san-pham\/huali-white-lamp-cob-track-spotlight\/","title":{"rendered":"\u0110\u00e8n chi\u1ebfu s\u00e1ng COB \u0111\u00e8n tr\u1eafng HUALI"},"content":{"rendered":"<p><img loading=\"lazy\" decoding=\"async\" class=\"wp-image-8392 aligncenter\" src=\"https:\/\/oss.vi-home.shop:9000\/vi-home-images\/wp-content\/uploads\/2023\/09\/07182506\/%E9%87%91%E9%9B%95%E5%B0%84%E7%81%AF1-5.jpg\" alt=\"\" width=\"622\" height=\"792\" \/><\/p>\n<p><img loading=\"lazy\" decoding=\"async\" class=\"wp-image-8378 aligncenter\" src=\"https:\/\/oss.vi-home.shop:9000\/vi-home-images\/wp-content\/uploads\/2023\/09\/07182515\/%E9%87%91%E9%9B%95%E5%B0%84%E7%81%AF3.jpg\" alt=\"\" width=\"621\" height=\"878\" \/><\/p>\n<p><img loading=\"lazy\" decoding=\"async\" class=\"wp-image-8380 aligncenter\" src=\"https:\/\/oss.vi-home.shop:9000\/vi-home-images\/wp-content\/uploads\/2023\/09\/07182515\/%E9%87%91%E9%9B%95%E5%B0%84%E7%81%AF5.jpg\" alt=\"\" width=\"668\" height=\"611\" srcset=\"https:\/\/oss.vi-home.shop:9000\/vi-home-images\/wp-content\/uploads\/2023\/09\/07182515\/%E9%87%91%E9%9B%95%E5%B0%84%E7%81%AF5.jpg 2480w, https:\/\/oss.vi-home.shop:9000\/vi-home-images\/wp-content\/uploads\/2023\/09\/07182515\/%E9%87%91%E9%9B%95%E5%B0%84%E7%81%AF5-510x466.jpg 510w\" sizes=\"(max-width: 668px) 100vw, 668px\" \/><\/p>\n<p><img loading=\"lazy\" decoding=\"async\" class=\"wp-image-8379 aligncenter\" src=\"https:\/\/oss.vi-home.shop:9000\/vi-home-images\/wp-content\/uploads\/2023\/09\/07182515\/%E9%87%91%E9%9B%95%E5%B0%84%E7%81%AF4-2.jpg\" alt=\"\" width=\"661\" height=\"935\" \/><\/p>\n<p><img loading=\"lazy\" decoding=\"async\" class=\"wp-image-8377 aligncenter\" src=\"https:\/\/oss.vi-home.shop:9000\/vi-home-images\/wp-content\/uploads\/2023\/09\/07182515\/%E9%87%91%E9%9B%95%E5%B0%84%E7%81%AF2-1.jpg\" alt=\"\" width=\"603\" height=\"853\" \/><\/p>\n<p><img loading=\"lazy\" decoding=\"async\" class=\"wp-image-8382 aligncenter\" src=\"https:\/\/oss.vi-home.shop:9000\/vi-home-images\/wp-content\/uploads\/2023\/09\/07182514\/%E9%87%91%E9%9B%95%E5%B0%84%E7%81%AF7.jpg\" alt=\"\" width=\"627\" height=\"887\" \/><\/p>\n<p><img loading=\"lazy\" decoding=\"async\" class=\"wp-image-8386 aligncenter\" src=\"https:\/\/oss.vi-home.shop:9000\/vi-home-images\/wp-content\/uploads\/2023\/09\/07182514\/JD3-1.jpg\" alt=\"\" width=\"614\" height=\"925\" srcset=\"https:\/\/oss.vi-home.shop:9000\/vi-home-images\/wp-content\/uploads\/2023\/09\/07182514\/JD3-1.jpg 790w, https:\/\/oss.vi-home.shop:9000\/vi-home-images\/wp-content\/uploads\/2023\/09\/07182514\/JD3-1-510x769.jpg 510w\" sizes=\"(max-width: 614px) 100vw, 614px\" \/><\/p>\n<p><img loading=\"lazy\" decoding=\"async\" class=\"wp-image-8384 aligncenter\" src=\"https:\/\/oss.vi-home.shop:9000\/vi-home-images\/wp-content\/uploads\/2023\/09\/07182514\/JD.jpg\" alt=\"\" width=\"672\" height=\"860\" srcset=\"https:\/\/oss.vi-home.shop:9000\/vi-home-images\/wp-content\/uploads\/2023\/09\/07182514\/JD.jpg 790w, https:\/\/oss.vi-home.shop:9000\/vi-home-images\/wp-content\/uploads\/2023\/09\/07182514\/JD-510x653.jpg 510w\" sizes=\"(max-width: 672px) 100vw, 672px\" \/><\/p>\n<p><img loading=\"lazy\" decoding=\"async\" class=\"wp-image-8385 aligncenter\" src=\"https:\/\/oss.vi-home.shop:9000\/vi-home-images\/wp-content\/uploads\/2023\/09\/07182514\/JD2-1.jpg\" alt=\"\" width=\"732\" height=\"872\" srcset=\"https:\/\/oss.vi-home.shop:9000\/vi-home-images\/wp-content\/uploads\/2023\/09\/07182514\/JD2-1.jpg 790w, https:\/\/oss.vi-home.shop:9000\/vi-home-images\/wp-content\/uploads\/2023\/09\/07182514\/JD2-1-510x608.jpg 510w\" sizes=\"(max-width: 732px) 100vw, 732px\" \/><\/p>\n<p><img loading=\"lazy\" decoding=\"async\" class=\"size-full wp-image-8390 aligncenter\" src=\"https:\/\/oss.vi-home.shop:9000\/vi-home-images\/wp-content\/uploads\/2023\/09\/07182507\/%E9%87%91%E9%9B%95%E5%9C%BA%E6%99%AF%E5%9B%BE.jpg\" alt=\"\" width=\"790\" height=\"931\" srcset=\"https:\/\/oss.vi-home.shop:9000\/vi-home-images\/wp-content\/uploads\/2023\/09\/07182507\/%E9%87%91%E9%9B%95%E5%9C%BA%E6%99%AF%E5%9B%BE.jpg 790w, https:\/\/oss.vi-home.shop:9000\/vi-home-images\/wp-content\/uploads\/2023\/09\/07182507\/%E9%87%91%E9%9B%95%E5%9C%BA%E6%99%AF%E5%9B%BE-510x601.jpg 510w\" sizes=\"(max-width: 790px) 100vw, 790px\" \/><\/p>\n<p>&nbsp;<\/p>\n<p>&nbsp;<\/p>\n<p>&nbsp;<\/p>\n<p>&nbsp;<\/p>\n<p>&nbsp;<\/p>\n<p>&nbsp;<\/p>\n<p>&nbsp;<\/p>\n<p>&nbsp;<\/p>\n<p>&nbsp;<\/p>\n<p><img loading=\"lazy\" decoding=\"async\" class=\"size-full wp-image-8387 aligncenter\" src=\"https:\/\/oss.vi-home.shop:9000\/vi-home-images\/wp-content\/uploads\/2023\/09\/07182514\/JD4-1.jpg\" alt=\"\" width=\"790\" height=\"1121\" srcset=\"https:\/\/oss.vi-home.shop:9000\/vi-home-images\/wp-content\/uploads\/2023\/09\/07182514\/JD4-1.jpg 790w, https:\/\/oss.vi-home.shop:9000\/vi-home-images\/wp-content\/uploads\/2023\/09\/07182514\/JD4-1-510x724.jpg 510w\" sizes=\"(max-width: 790px) 100vw, 790px\" \/><img loading=\"lazy\" decoding=\"async\" class=\"size-full wp-image-8388 aligncenter\" src=\"https:\/\/oss.vi-home.shop:9000\/vi-home-images\/wp-content\/uploads\/2023\/09\/07182512\/%E5%AE%89%E8%A3%85%E8%AF%B4%E6%98%8E.jpg\" alt=\"\" width=\"750\" height=\"967\" srcset=\"https:\/\/oss.vi-home.shop:9000\/vi-home-images\/wp-content\/uploads\/2023\/09\/07182512\/%E5%AE%89%E8%A3%85%E8%AF%B4%E6%98%8E.jpg 750w, https:\/\/oss.vi-home.shop:9000\/vi-home-images\/wp-content\/uploads\/2023\/09\/07182512\/%E5%AE%89%E8%A3%85%E8%AF%B4%E6%98%8E-510x658.jpg 510w\" sizes=\"(max-width: 750px) 100vw, 750px\" \/><\/p>\n<p>&nbsp;<\/p>","protected":false},"excerpt":{"rendered":"<p>C\u00f4ng su\u1ea5t: 25W K\u00edch th\u01b0\u1edbc: 60*118mm CCT: 3000K\/4000K\/6000K<\/p>\n<p>C\u00f4ng su\u1ea5t: 35W K\u00edch th\u01b0\u1edbc: 75*140mm CCT: 3000K\/4000K\/6000K<\/p>\n<p>C\u00f4ng su\u1ea5t: 45W K\u00edch th\u01b0\u1edbc: 85*148mm CCT: 3000K\/4000K\/6000K<\/p>","protected":false},"featured_media":13325,"comment_status":"closed","ping_status":"closed","template":"","meta":{"_acf_changed":false},"product_brand":[],"product_cat":[40,46],"product_tag":[],"class_list":{"0":"post-8360","1":"product","2":"type-product","3":"status-publish","4":"has-post-thumbnail","6":"product_cat-commercial-lights","7":"product_cat-track-lights","8":"yith_shop_vendor-huali-lighting-industrial-co-limited","9":"yith_product_brand-huali","11":"first","12":"instock","13":"taxable","14":"shipping-taxable","15":"purchasable","16":"product-type-variable"},"acf":[],"_links":{"self":[{"href":"https:\/\/vi-home.shop\/vi\/wp-json\/wp\/v2\/product\/8360","targetHints":{"allow":["GET"]}}],"collection":[{"href":"https:\/\/vi-home.shop\/vi\/wp-json\/wp\/v2\/product"}],"about":[{"href":"https:\/\/vi-home.shop\/vi\/wp-json\/wp\/v2\/types\/product"}],"replies":[{"embeddable":true,"href":"https:\/\/vi-home.shop\/vi\/wp-json\/wp\/v2\/comments?post=8360"}],"wp:featuredmedia":[{"embeddable":true,"href":"https:\/\/vi-home.shop\/vi\/wp-json\/wp\/v2\/media\/13325"}],"wp:attachment":[{"href":"https:\/\/vi-home.shop\/vi\/wp-json\/wp\/v2\/media?parent=8360"}],"wp:term":[{"taxonomy":"product_brand","embeddable":true,"href":"https:\/\/vi-home.shop\/vi\/wp-json\/wp\/v2\/product_brand?post=8360"},{"taxonomy":"product_cat","embeddable":true,"href":"https:\/\/vi-home.shop\/vi\/wp-json\/wp\/v2\/product_cat?post=8360"},{"taxonomy":"product_tag","embeddable":true,"href":"https:\/\/vi-home.shop\/vi\/wp-json\/wp\/v2\/product_tag?post=8360"}],"curies":[{"name":"wp","href":"https:\/\/api.w.org\/{rel}","templated":true}]}}