{"id":8852,"date":"2023-09-18T17:41:19","date_gmt":"2023-09-18T09:41:19","guid":{"rendered":"https:\/\/vi-home.shop\/?post_type=product&#038;p=8852"},"modified":"2024-05-16T13:33:00","modified_gmt":"2024-05-16T05:33:00","slug":"aswat-zinc-alloy-crystal-lamp-as50813-earl-collection","status":"publish","type":"product","link":"https:\/\/vi-home.shop\/vi\/san-pham\/aswat-zinc-alloy-crystal-lamp-as50813-earl-collection\/","title":{"rendered":"\u0110\u00e8n pha l\u00ea h\u1ee3p kim ASWAT\/K\u1ebdm-B\u1ed9 s\u01b0u t\u1eadp b\u00e1 t\u01b0\u1edbc AS50813"},"content":{"rendered":"<p><img loading=\"lazy\" decoding=\"async\" class=\"alignnone size-full wp-image-8857\" src=\"https:\/\/oss.vi-home.shop:9000\/vi-home-images\/wp-content\/uploads\/2023\/09\/07184855\/%E4%BC%AF%E7%88%B5AS50813-%E4%BA%A7%E5%93%81%E7%AE%80%E8%BF%B0.jpg\" alt=\"\" width=\"1019\" height=\"244\" srcset=\"https:\/\/oss.vi-home.shop:9000\/vi-home-images\/wp-content\/uploads\/2023\/09\/07184855\/%E4%BC%AF%E7%88%B5AS50813-%E4%BA%A7%E5%93%81%E7%AE%80%E8%BF%B0.jpg 1019w, https:\/\/oss.vi-home.shop:9000\/vi-home-images\/wp-content\/uploads\/2023\/09\/07184855\/%E4%BC%AF%E7%88%B5AS50813-%E4%BA%A7%E5%93%81%E7%AE%80%E8%BF%B0-510x122.jpg 510w\" sizes=\"(max-width: 1019px) 100vw, 1019px\" \/> <img loading=\"lazy\" decoding=\"async\" class=\"alignnone size-full wp-image-8860\" src=\"https:\/\/oss.vi-home.shop:9000\/vi-home-images\/wp-content\/uploads\/2023\/09\/07184855\/%E4%BC%AF%E7%88%B5AS50813-1-scaled.jpg\" alt=\"\" width=\"750\" height=\"12539\" \/><\/p>","protected":false},"excerpt":{"rendered":"","protected":false},"featured_media":8874,"comment_status":"closed","ping_status":"closed","template":"","meta":{"_acf_changed":false},"product_brand":[],"product_cat":[34,33],"product_tag":[103],"class_list":{"0":"post-8852","1":"product","2":"type-product","3":"status-publish","4":"has-post-thumbnail","6":"product_cat-chandelier","7":"product_cat-decorative-lights","8":"product_tag-zinc-alloy-crystal-lamp","9":"yith_shop_vendor-2040923613qq-com","10":"yith_product_brand-aswat","12":"first","13":"instock","14":"taxable","15":"shipping-taxable","16":"purchasable","17":"product-type-variable"},"acf":[],"_links":{"self":[{"href":"https:\/\/vi-home.shop\/vi\/wp-json\/wp\/v2\/product\/8852","targetHints":{"allow":["GET"]}}],"collection":[{"href":"https:\/\/vi-home.shop\/vi\/wp-json\/wp\/v2\/product"}],"about":[{"href":"https:\/\/vi-home.shop\/vi\/wp-json\/wp\/v2\/types\/product"}],"replies":[{"embeddable":true,"href":"https:\/\/vi-home.shop\/vi\/wp-json\/wp\/v2\/comments?post=8852"}],"wp:featuredmedia":[{"embeddable":true,"href":"https:\/\/vi-home.shop\/vi\/wp-json\/wp\/v2\/media\/8874"}],"wp:attachment":[{"href":"https:\/\/vi-home.shop\/vi\/wp-json\/wp\/v2\/media?parent=8852"}],"wp:term":[{"taxonomy":"product_brand","embeddable":true,"href":"https:\/\/vi-home.shop\/vi\/wp-json\/wp\/v2\/product_brand?post=8852"},{"taxonomy":"product_cat","embeddable":true,"href":"https:\/\/vi-home.shop\/vi\/wp-json\/wp\/v2\/product_cat?post=8852"},{"taxonomy":"product_tag","embeddable":true,"href":"https:\/\/vi-home.shop\/vi\/wp-json\/wp\/v2\/product_tag?post=8852"}],"curies":[{"name":"wp","href":"https:\/\/api.w.org\/{rel}","templated":true}]}}